{"id":208,"date":"2025-09-22T11:21:04","date_gmt":"2025-09-22T11:21:04","guid":{"rendered":"https:\/\/a-rahti.fi\/?page_id=208"},"modified":"2025-09-22T11:56:51","modified_gmt":"2025-09-22T11:56:51","slug":"evasteet-ja-gdpr","status":"publish","type":"page","link":"https:\/\/a-rahti.fi\/index.php\/evasteet-ja-gdpr\/","title":{"rendered":"Ev\u00e4steet ja GDPR"},"content":{"rendered":"\t\t<div data-elementor-type=\"wp-page\" data-elementor-id=\"208\" class=\"elementor elementor-208\" data-elementor-post-type=\"page\">\n\t\t\t\t<div class=\"elementor-element elementor-element-42e02a7 e-flex e-con-boxed e-con e-parent\" data-id=\"42e02a7\" data-element_type=\"container\" data-e-type=\"container\">\n\t\t\t\t\t<div class=\"e-con-inner\">\n\t\t\t\t<div class=\"elementor-element elementor-element-9e141ab elementor-invisible elementor-widget elementor-widget-image\" data-id=\"9e141ab\" data-element_type=\"widget\" data-e-type=\"widget\" data-settings=\"{&quot;_animation&quot;:&quot;fadeIn&quot;}\" data-widget_type=\"image.default\">\n\t\t\t\t\t\t\t\t\t\t\t\t\t\t\t\t<a href=\"https:\/\/a-rahti.fi\">\n\t\t\t\t\t\t\t<img fetchpriority=\"high\" decoding=\"async\" width=\"300\" height=\"300\" src=\"https:\/\/a-rahti.fi\/wp-content\/uploads\/2025\/09\/A-RAHTI_PROFIILI_1080X10802-300x300.jpg\" class=\"attachment-medium size-medium wp-image-44\" alt=\"\" srcset=\"https:\/\/a-rahti.fi\/wp-content\/uploads\/2025\/09\/A-RAHTI_PROFIILI_1080X10802-300x300.jpg 300w, https:\/\/a-rahti.fi\/wp-content\/uploads\/2025\/09\/A-RAHTI_PROFIILI_1080X10802-1024x1024.jpg 1024w, https:\/\/a-rahti.fi\/wp-content\/uploads\/2025\/09\/A-RAHTI_PROFIILI_1080X10802-150x150.jpg 150w, https:\/\/a-rahti.fi\/wp-content\/uploads\/2025\/09\/A-RAHTI_PROFIILI_1080X10802-768x768.jpg 768w, https:\/\/a-rahti.fi\/wp-content\/uploads\/2025\/09\/A-RAHTI_PROFIILI_1080X10802.jpg 1080w\" sizes=\"(max-width: 300px) 100vw, 300px\" \/>\t\t\t\t\t\t\t\t<\/a>\n\t\t\t\t\t\t\t\t\t\t\t\t\t\t\t<\/div>\n\t\t\t\t\t<\/div>\n\t\t\t\t<\/div>\n\t\t<div class=\"elementor-element elementor-element-77a0cbba e-flex e-con-boxed e-con e-parent\" data-id=\"77a0cbba\" data-element_type=\"container\" data-e-type=\"container\">\n\t\t\t\t\t<div class=\"e-con-inner\">\n\t\t\t\t<div class=\"elementor-element elementor-element-4022d955 elementor-widget elementor-widget-heading\" data-id=\"4022d955\" data-element_type=\"widget\" data-e-type=\"widget\" data-widget_type=\"heading.default\">\n\t\t\t\t\t<h2 class=\"elementor-heading-title elementor-size-default\">Ev\u00e4steet ja tietosuoja<\/h2>\t\t\t\t<\/div>\n\t\t\t\t\t<\/div>\n\t\t\t\t<\/div>\n\t\t\t\t<section class=\"elementor-section elementor-top-section elementor-element elementor-element-3fde7d13 custom-text elementor-section-boxed elementor-section-height-default elementor-section-height-default\" data-id=\"3fde7d13\" data-element_type=\"section\" data-e-type=\"section\">\n\t\t\t\t\t\t<div class=\"elementor-container elementor-column-gap-default\">\n\t\t\t\t\t<div class=\"elementor-column elementor-col-100 elementor-top-column elementor-element elementor-element-76861bf3\" data-id=\"76861bf3\" data-element_type=\"column\" data-e-type=\"column\">\n\t\t\t<div class=\"elementor-widget-wrap elementor-element-populated\">\n\t\t\t\t\t\t<div class=\"elementor-element elementor-element-16908156 elementor-widget elementor-widget-text-editor\" data-id=\"16908156\" data-element_type=\"widget\" data-e-type=\"widget\" data-widget_type=\"text-editor.default\">\n\t\t\t\t\t\t\t\t\t<p><strong>1. YLEIST\u00c4<\/strong>\u2028<br \/>T\u00e4m\u00e4 tietosuojaseloste on A-Rahti Oy:n (j\u00e4ljemp\u00e4n\u00e4 my\u00f6s \u201dRekisterinpit\u00e4j\u00e4\u201d) asiakasrekisteriin soveltuva informointiasiakirja. Tietosuojaselosteessa kuvataan Rekisterinpit\u00e4j\u00e4n ker\u00e4\u00e4mi\u00e4 henkil\u00f6tietoja ja niiden k\u00e4sittely\u00e4, kun vierailet Rekisterinpit\u00e4j\u00e4n verkkosivuilla tai k\u00e4yt\u00e4t sen kautta Rekisterinpit\u00e4j\u00e4n palveluita. T\u00e4ss\u00e4 Tietosuojaselosteessa termill\u00e4 \u201dhenkil\u00f6tiedot\u201d tarkoitetaan kaikkia sellaisia tietoja, joista sinut voi tunnistaa ja jotka olet antanut k\u00e4ytt\u00e4ess\u00e4si Rekisterinpit\u00e4j\u00e4n palveluita ja\/tai jotka Rekisterinpit\u00e4j\u00e4 on saanut muita kanavia pitkin.\u2028<\/p><p><strong>2. REKISTERINPIT\u00c4J\u00c4\u2028<\/strong><br \/>A-Rahti Oy\u2028<br \/>1785233-0<br \/>Ahtistentie 3<br \/>27230 Rauma<\/p><p><strong>3. OTA YHTEYTT\u00c4 REKISTERI\u00c4 KOSKEVISSA ASIOISSA<\/strong>\u2028<br \/>arahtioy@gmail.com<br \/>+358 400 717 486<\/p><p><strong>4. REKISTERIN NIMI\u2028<\/strong><br \/>A-Rahti Oy:n asiakas- ja markkinointirekisteri.\u2028<\/p><p><strong>5. REKISTERIN PIT\u00c4MISEN PERUSTE<\/strong><br \/>\u2028Henkil\u00f6tietoja k\u00e4sitell\u00e4\u00e4n sopimukseen perustuvan asiakassuhteen, oikeutetun edun, rekister\u00f6idyn suostumuksen, lakis\u00e4\u00e4teisen velvoitteen tai muun asiallisen yhteyden perusteella.\u2028<\/p><p><strong>6. HENKIL\u00d6TIETOJEN K\u00c4SITTELYN TARKOITUS\u2028<\/strong><br \/>Rekister\u00f6ityj\u00e4 henkil\u00f6tietoja k\u00e4sitell\u00e4\u00e4n Rekisterinpit\u00e4j\u00e4n palveluihin liittyvien asiakassuhteiden hoitamiseen, yll\u00e4pit\u00e4miseen, kehitt\u00e4miseen, analysointiin ja tilastointiin sek\u00e4 palveluiden tuottamiseen, tarjoamiseen ja kehitt\u00e4miseen.Rekisterin sis\u00e4lt\u00e4mi\u00e4 tietoja voidaan k\u00e4ytt\u00e4\u00e4 Rekisterinpit\u00e4j\u00e4n ja rekister\u00f6idyn v\u00e4liseen viestint\u00e4\u00e4n, mainontaan, markkinointiin ja suoramarkkinointiin lains\u00e4\u00e4d\u00e4nn\u00f6n sallimissa rajoissa. Rekister\u00f6idyll\u00e4 on koska tahansa oikeus kielt\u00e4\u00e4 h\u00e4nt\u00e4 koskeva suoramarkkinointi.<br \/>\u2028Henkil\u00f6tietoja k\u00e4sitell\u00e4\u00e4n my\u00f6s lakiin perustuvien ja viranomaisten m\u00e4\u00e4r\u00e4ysten sek\u00e4 ohjeiden mukaisten s\u00e4ilytys-, raportointi- ja kyselyvelvoitteiden t\u00e4ytt\u00e4miseksi. Rekisterinpit\u00e4j\u00e4 ker\u00e4\u00e4 tietoja my\u00f6s asiakkaan tunnistamiseksi ja v\u00e4\u00e4rink\u00e4yt\u00f6sten est\u00e4miseksi. Rekisterinpit\u00e4j\u00e4 ei k\u00e4yt\u00e4 henkil\u00f6tietoja automatisoituun p\u00e4\u00e4t\u00f6ksentekoon tai profilointiin.<\/p><p><strong>7. REKISTERIN TIETOSIS\u00c4LT\u00d6<\/strong><br \/>\u2028Rekisteri koostuu IT-j\u00e4rjestelmien avulla pidett\u00e4vist\u00e4 rekistereist\u00e4 sek\u00e4 manuaalisesti pidetyist\u00e4 asiapaperiarkistoista. Rekisteriin voidaan tallentaa rekister\u00f6ityyn liittyvin\u00e4 tietoina\u2028\u2022 rekister\u00f6idyn perustiedot, kuten nimi, henkil\u00f6tunnus, postiosoite, s\u00e4hk\u00f6postiosoite, puhelinnumero, k\u00e4ytett\u00e4v\u00e4 kieli ja kansalaisuus\u2028\u2022 yhteyshenkil\u00f6n nimi, postiosoite, s\u00e4hk\u00f6postiosoite, puhelinnumero, k\u00e4ytett\u00e4v\u00e4 kieli ja kansalaisuus\u2028\u2022 ty\u00f6nantajayrityksen nimi, toimipisteen nimi, y-tunnus, postiosoite, ALV-numero\u2028\u2022 sopimukseen perustuvaan asiakkuuteen tai muuhun asialliseen yhteyteen liittyv\u00e4t tiedot ja tiedot palveluiden k\u00e4yt\u00f6st\u00e4 sek\u00e4 mm. tarkemmat s\u00e4hk\u00f6nk\u00e4ytt\u00f6tiedot, s\u00e4hk\u00f6liittym\u00e4tiedot, k\u00e4ytt\u00f6paikkatiedot\u2028\u2022 laskutukseen liittyv\u00e4t tiedot\u2028\u2022 tiedot asiakaspalvelutilanteisiin liittyv\u00e4st\u00e4 viestinn\u00e4st\u00e4.Rekisterinpit\u00e4j\u00e4 noudattaa henkil\u00f6tietoja k\u00e4sitelless\u00e4\u00e4n tietojen minimoinnin periaatetta.<\/p><p><strong>8. S\u00c4\u00c4NN\u00d6NMUKAISET TIETOL\u00c4HTEET\u2028<\/strong><br \/>Rekister\u00f6ity\u00e4 koskevia henkil\u00f6tietoja ker\u00e4t\u00e4\u00e4n ja p\u00e4ivitet\u00e4\u00e4n p\u00e4\u00e4s\u00e4\u00e4nt\u00f6isesti ainoastaan rekister\u00f6idylt\u00e4 itselt\u00e4\u00e4n saamien tietojen sek\u00e4 asiakassuhteen hoitamiseen liittyvien asiakirjojen ja dokumenttien avulla. Henkil\u00f6tietoja voidaan ker\u00e4t\u00e4 ja p\u00e4ivitt\u00e4\u00e4 my\u00f6s Rekisterinpit\u00e4j\u00e4n yhteisty\u00f6kumppaneilta, kontakteista Rekisterinpit\u00e4j\u00e4n \u2013 tai Rekisterinpit\u00e4j\u00e4n lukuun toimivan yrityksen henkil\u00f6st\u00f6n kanssa puhelimitse, s\u00e4hk\u00f6- postitse, kirjeitse, markkinointitapahtumissa tai -tilaisuuksissa, postituslistalle re- kister\u00f6itymisen yhteydess\u00e4 ja erin\u00e4isist\u00e4 julkisista ja yksityisist\u00e4 rekistereist\u00e4, kuten kaupparekisterist\u00e4 sek\u00e4 alan palveluntarjoajien tietokannoista.<\/p><p><strong>9. HENKIL\u00d6TIETOJEN S\u00c4\u00c4NN\u00d6NMUKAISET LUOVUTUKSET\u2028<\/strong><br \/>Rekisterist\u00e4 luovutetaan tietoja kolmansille osapuolille vain poikkeustapauksissa. Rekisterinpit\u00e4j\u00e4 ei p\u00e4\u00e4s\u00e4\u00e4nt\u00f6isesti luovuta rekisterist\u00e4\u00e4n tietoja edustamilleen p\u00e4\u00e4- miehille tai muille kolmansille osapuolille Suomessa, EU:n alueella tai sen ulkopuolelle, ellei se ole rekisterin k\u00e4ytt\u00f6tarkoituksien kannalta tai tietojenk\u00e4sittelyn teknisen toteuttamisen kannalta tarpeellista, jolloin tietojen siirrossa noudatetaan henkil\u00f6tietolains\u00e4\u00e4d\u00e4nn\u00f6n vaatimuksia. Joidenkin Rekisterinpit\u00e4j\u00e4n tuotteiden tai palveluiden hankinta ja k\u00e4ytt\u00f6 voivat edellytt\u00e4\u00e4 tietojen luovuttamista kolmannelle osapuolelle, jolloin tietoja voidaan luovuttaa palvelun toteuttamisen edellytt\u00e4m\u00e4ss\u00e4 laajuudessa. Asiallisen yhteyden p\u00e4\u00e4ttymisen j\u00e4lkeen tietoja voidaan siirt\u00e4\u00e4 lains\u00e4\u00e4d\u00e4nn\u00f6n sallimalla tavalla Rekisterinpit\u00e4j\u00e4n suoramarkkinointirekisteriin, ellei rekister\u00f6ity ole kielt\u00e4nyt tietojensa k\u00e4ytt\u00f6\u00e4 suoramarkkinointiin.<\/p><p>Rekisterist\u00e4 luovutetaan tietoja vain asiakkaan suostumuksella tai silloin, kun tietojen luovuttamisesta on erikseen s\u00e4\u00e4detty, esimerkiksi vero-, ulosotto-, poliisi- tai sosiaaliviranomaisille. Henkil\u00f6tietojen tietopyynn\u00f6st\u00e4 informoidaan aina rekister\u00f6ity\u00e4, mik\u00e4li lains\u00e4\u00e4d\u00e4nt\u00f6 sen sallii.<\/p><p><strong>10. HENKIL\u00d6TIETOJEN SIIRTO EU:N TAI EUROOPAN TALOUSALUEEN ULKOPUOLELLE<\/strong><br \/>\u2028Rekisterist\u00e4 ei luovuteta tai siirret\u00e4 henkil\u00f6tietoja EU:n tai Euroopan talousalueen ulkopuolelle, ellei se ole asiakkuuteen tai muuhun asialliseen yhteyteen liittyv\u00e4n palvelun toteuttamisen vuoksi tarpeellista.\u2028<\/p><p><strong>11. REKISTERIN SUOJAUKSEN PERIAATTEET\u2028<\/strong><br \/>S\u00e4hk\u00f6isesti k\u00e4sitelt\u00e4v\u00e4t rekisterin sis\u00e4lt\u00e4m\u00e4t tiedot ovat palomuurein, salasanoin ja muiden tietoturvan toimialalla yleisesti hyv\u00e4ksytt\u00e4vin teknisin keinoin suojattuja. Tietokannat ja niiden varmuuskopiot sijaitsevat lukituissa ja valvotuissa tiloissa, joihin on rajoitettu p\u00e4\u00e4sy. Muut fyysiset asiapaperiarkistot sijaitsevat tiloissa, joihin on asiattomilta p\u00e4\u00e4sy estetty.<\/p><p>Ainoastaan yksil\u00f6idyill\u00e4 Rekisterinpit\u00e4j\u00e4n ty\u00f6ntekij\u00f6ill\u00e4 ja sen toimeksiannosta sek\u00e4 lukuun toimivan IT-tuen ty\u00f6ntekij\u00f6ill\u00e4 on k\u00e4yt\u00e4nn\u00f6ss\u00e4 p\u00e4\u00e4sy rekisterin sis\u00e4lt\u00e4miin tietoihin Rekisterinpit\u00e4j\u00e4n my\u00f6nt\u00e4m\u00e4ll\u00e4 k\u00e4ytt\u00f6oikeudella. Rekisterin k\u00e4ytt\u00f6 edellytt\u00e4\u00e4 p\u00e4\u00e4k\u00e4ytt\u00e4j\u00e4n my\u00f6nt\u00e4m\u00e4\u00e4 henkil\u00f6kohtaista salasanaa ja sit\u00e4 valvotaan. IT-tuen k\u00e4ytt\u00f6oikeus my\u00f6nnet\u00e4\u00e4n tapauskohtaisesti.<\/p><p><strong>12. REKISTER\u00d6IDYN OIKEUDET<\/strong><br \/>\u2028Rekister\u00f6idyll\u00e4 on oikeus\u2028\u2022 saada tieto henkil\u00f6tietojensa k\u00e4sittelyst\u00e4\u2028\u2022 saada p\u00e4\u00e4sy omiin tietoihin ja tarkastaa h\u00e4nt\u00e4 koskevat k\u00e4sitelt\u00e4v\u00e4t henkil\u00f6tiedot\u2028\u2022 saada virheelliset tiedot oikaistuksi tai puutteelliset tiedot t\u00e4ydennetyksi\u2028\u2022 vastustaa henkil\u00f6tietojen k\u00e4sittely\u00e4, jos rekister\u00f6ity kokee, ett\u00e4 Rekisterinpit\u00e4j\u00e4 on k\u00e4sitellyt henkil\u00f6tietoja lainvastaisesti tai henkil\u00f6tietojen k\u00e4sittelyyn ei ole lainkaan oikeutta\u2022 vaatia henkil\u00f6tietojen k\u00e4sittelyn rajoittamista.\u2028<br \/>Rekister\u00f6idyn oikeuksien k\u00e4ytt\u00e4mist\u00e4 koskevat pyynn\u00f6t tulee tehd\u00e4 ottamalla yhteys Rekisterinpit\u00e4j\u00e4\u00e4n. Rekisterinpit\u00e4j\u00e4 voi pyyt\u00e4\u00e4 tarkentamaan rekister\u00f6idyn pyynt\u00f6\u00e4 kirjallisesti ja varmentamaan rekister\u00f6idyn henkil\u00f6llisyys ennen pyynn\u00f6n k\u00e4sittele- mist\u00e4. Mik\u00e4li Rekisterinpit\u00e4j\u00e4n henkil\u00f6tietojen k\u00e4sittelyyn on lains\u00e4\u00e4d\u00e4nn\u00f6st\u00e4 johtuva oikeus tai velvollisuus, voi Rekisterinpit\u00e4j\u00e4 kielt\u00e4yty\u00e4 pyynn\u00f6st\u00e4.<\/p><p><strong>13. EV\u00c4STEET<\/strong><br \/>\u2028Yrityksen verkkosivustolla on k\u00e4yt\u00f6ss\u00e4 my\u00f6s ev\u00e4stetiedostot, joilla j\u00e4rjestelm\u00e4 yksil\u00f6i k\u00e4ytt\u00e4j\u00e4n selaimen ja siten mahdollistaa sivuston eri toimintoja sivuston k\u00e4ytt\u00e4j\u00e4lle. Sivustolla k\u00e4ytet\u00e4\u00e4n my\u00f6s kolmannen osapuolen ev\u00e4steit\u00e4, joita ovat esim. Bokun-varausj\u00e4rjestelm\u00e4n k\u00e4ytt\u00e4m\u00e4t ev\u00e4steet tilauksen hallintaan ja Google Analytics -k\u00e4vij\u00e4seuranta, joka k\u00e4ytt\u00e4\u00e4 ev\u00e4steit\u00e4 sivuston k\u00e4vij\u00e4m\u00e4\u00e4rien mittaamiseen. Lis\u00e4ksi sivustolla k\u00e4yt\u00f6ss\u00e4 olevat sosiaalisen median lis\u00e4osat voivat k\u00e4ytt\u00e4\u00e4 ev\u00e4stetiedostoja sivustolla n\u00e4ytett\u00e4vien lis\u00e4osien tai mainonnan kohdistustukseen, n\u00e4it\u00e4 palveluita voivat olla esim. Facebook Pixel tai Google AdWords. Ev\u00e4stetiedostoja k\u00e4sitell\u00e4\u00e4n rekisterin pit\u00e4j\u00e4n osalta t\u00e4ysin automaattisesti sivuston julkaisuj\u00e4rjestelm\u00e4ss\u00e4, eik\u00e4 rekisterinpit\u00e4j\u00e4 pysty tunnistamaan niist\u00e4 sivuston yksitt\u00e4ist\u00e4 k\u00e4ytt\u00e4j\u00e4\u00e4.\u2028<br \/>Sivuston k\u00e4ytt\u00e4j\u00e4 voi halutessaan est\u00e4\u00e4 omassa Internet-selaimessaan ev\u00e4steiden k\u00e4yt\u00f6n, mutta tuolloin emme voi varmistaa ett\u00e4 sivuston toiminnot ovat k\u00e4ytt\u00e4j\u00e4n k\u00e4ytett\u00e4viss\u00e4. Ev\u00e4stetiedostot k\u00e4ytt\u00e4j\u00e4 voi my\u00f6s tyhjent\u00e4\u00e4 itse ev\u00e4stetiedostot selaimestaan k\u00e4ytt\u00e4m\u00e4ns\u00e4 Internet-selaimen ohjeiden mukaisesti, kolmannen osapuolen ev\u00e4steisiin voivat palveluntarjoajat tarjota sovelluksia, joilla voi est\u00e4\u00e4 n\u00e4iden ev\u00e4steiden k\u00e4yt\u00f6n.\u2028<br \/>Mik\u00e4li k\u00e4ytt\u00e4j\u00e4 hyv\u00e4ksyy sivuston ev\u00e4steiden k\u00e4yt\u00f6n on ev\u00e4steen elinik\u00e4 30 vuorokautta, jonka j\u00e4lkeen k\u00e4ytt\u00e4j\u00e4 saa n\u00e4yt\u00f6lle uuden kysymyksen.<\/p><p><strong>14. SELOSTEEN MUUTTAMINEN<\/strong><br \/>A-Rahti Oy kehitt\u00e4\u00e4 jatkuvasti liiketoimintaansa ja pid\u00e4tt\u00e4\u00e4 siksi oikeuden muuttaa t\u00e4t\u00e4 selostetta. Muutokset voivat perustua my\u00f6s lains\u00e4\u00e4d\u00e4nn\u00f6n muuttumiseen ja ne julkaistaan t\u00e4ll\u00e4 sivustolla.<\/p><p>\u00a0<\/p>\t\t\t\t\t\t\t\t<\/div>\n\t\t\t\t\t<\/div>\n\t\t<\/div>\n\t\t\t\t\t<\/div>\n\t\t<\/section>\n\t\t\t\t<\/div>\n\t\t","protected":false},"excerpt":{"rendered":"<p>Ev\u00e4steet ja tietosuoja 1. YLEIST\u00c4\u2028T\u00e4m\u00e4 tietosuojaseloste on A-Rahti Oy:n (j\u00e4ljemp\u00e4n\u00e4 my\u00f6s \u201dRekisterinpit\u00e4j\u00e4\u201d) asiakasrekisteriin soveltuva informointiasiakirja. Tietosuojaselosteessa kuvataan Rekisterinpit\u00e4j\u00e4n ker\u00e4\u00e4mi\u00e4 henkil\u00f6tietoja ja niiden k\u00e4sittely\u00e4, kun vierailet Rekisterinpit\u00e4j\u00e4n verkkosivuilla tai k\u00e4yt\u00e4t sen kautta Rekisterinpit\u00e4j\u00e4n palveluita. T\u00e4ss\u00e4 Tietosuojaselosteessa termill\u00e4 \u201dhenkil\u00f6tiedot\u201d tarkoitetaan kaikkia sellaisia tietoja, joista sinut voi tunnistaa ja jotka olet antanut k\u00e4ytt\u00e4ess\u00e4si Rekisterinpit\u00e4j\u00e4n palveluita ja\/tai jotka Rekisterinpit\u00e4j\u00e4 [&hellip;]<\/p>\n","protected":false},"author":1,"featured_media":0,"parent":0,"menu_order":0,"comment_status":"closed","ping_status":"closed","template":"","meta":{"footnotes":""},"class_list":["post-208","page","type-page","status-publish","hentry"],"_links":{"self":[{"href":"https:\/\/a-rahti.fi\/index.php\/wp-json\/wp\/v2\/pages\/208","targetHints":{"allow":["GET"]}}],"collection":[{"href":"https:\/\/a-rahti.fi\/index.php\/wp-json\/wp\/v2\/pages"}],"about":[{"href":"https:\/\/a-rahti.fi\/index.php\/wp-json\/wp\/v2\/types\/page"}],"author":[{"embeddable":true,"href":"https:\/\/a-rahti.fi\/index.php\/wp-json\/wp\/v2\/users\/1"}],"replies":[{"embeddable":true,"href":"https:\/\/a-rahti.fi\/index.php\/wp-json\/wp\/v2\/comments?post=208"}],"version-history":[{"count":7,"href":"https:\/\/a-rahti.fi\/index.php\/wp-json\/wp\/v2\/pages\/208\/revisions"}],"predecessor-version":[{"id":249,"href":"https:\/\/a-rahti.fi\/index.php\/wp-json\/wp\/v2\/pages\/208\/revisions\/249"}],"wp:attachment":[{"href":"https:\/\/a-rahti.fi\/index.php\/wp-json\/wp\/v2\/media?parent=208"}],"curies":[{"name":"wp","href":"https:\/\/api.w.org\/{rel}","templated":true}]}}